{"id":42,"date":"2023-02-13T21:34:47","date_gmt":"2023-02-13T20:34:47","guid":{"rendered":"https:\/\/writer.patrikrosa.sk\/?page_id=42"},"modified":"2023-02-13T22:03:15","modified_gmt":"2023-02-13T21:03:15","slug":"article","status":"publish","type":"page","link":"https:\/\/writer.patrikrosa.sk\/sk\/article\/","title":{"rendered":"\u010cl\u00e1nky"},"content":{"rendered":"<style>\r\n\t\t\t\t\t#colorbox_main_container_41 .wpsm_panel {\r\n\tmargin-bottom: 0px !important;\r\n\tbackground-color: #ffffff;\r\n\t\r\n\t\tborder: 2px solid #e8e8e8;\r\n\t\t\r\n\t\tborder-radius: 4px;\r\n\t\t}\r\n\r\n#colorbox_main_container_41 .wpsm_panel-default > .wpsm_panel-heading {\r\n\tbackground-color: #e8e8e8 !important;\r\n\tborder-color: rgba(0,0,0,0.05);\r\n\tborder-top-left-radius: 0px;\r\n\tborder-top-right-radius: 0px;\r\n\ttext-align:center;\r\n}\r\n\r\n#colorbox_main_container_41 .colorbox_singel_box{\r\n  margin-bottom:20px !important;\r\n\t  padding-top: 5px;\r\n}\r\n#colorbox_main_container_41 .wpsm_panel-title{\r\n\tmargin-top: 0 !important;\r\n\tmargin-bottom: 0 !important;\r\n\tfont-size: 18px !important;\r\n\tcolor: #000000 !important;\r\n\tfont-family: Open Sans !important;\r\n\tword-wrap:break-word;\r\n\r\n}\r\n#colorbox_main_container_41 .wpsm_panel-title span{\r\n\tfont-size: 18px !important;\r\n\tcolor: #000000 !important;\r\n\t vertical-align: middle;\r\n}\r\n#colorbox_main_container_41 .wpsm_panel-body{\r\n\tcolor: #000000 !important;\r\n\tbackground-color:#ffffff !important;\r\n\tfont-size:16px !important;\r\n\tfont-family: Open Sans !important;\r\n\toverflow:hidden;\r\n\ttext-align:center}\r\n\r\n \t\t#colorbox_main_container_41 .wpsm_panel-heading {\r\n\t\t\tbackground-image: url(https:\/\/writer.patrikrosa.sk\/wp-content\/plugins\/colorbox-panels\/assets\/images\/style-soft.png);\r\n\t\t\tbackground-position: 0 0;\r\n\t\t\tbackground-repeat: repeat-x;\r\n\t\t}\r\n\t\t\t\r\n\r\n@media (max-width: 992px){\r\n\t.colorbox_singel_box{ \r\n\t\twidth:50% !important;\r\n\t}\r\n}\r\n@media (max-width: 786px){\r\n\t.colorbox_singel_box{ \r\n\t\twidth:100% !important;\r\n\t}\r\n}\t\t\t\t<\/style>\r\n\t\t\t\t<div style=\"display:block;overflow:hidden;width:100%;\">\r\n\t\t\t\t<div id=\"colorbox_main_container_41\" style=\"colorbox_main_container\">\r\n\t\t\t\t\t\t\t\t\t\t<div class=\"wpsm_col-md-4 wpsm_col-sm-6 colorbox_singel_box\">\r\n\t\t\t\t\t\t<div class=\"wpsm_panel wpsm_panel-default wpsm_panel_default_41\">\r\n\t\t\t\t\t\t  \t\t\t\t\t\t  <div class=\"wpsm_panel-heading\">\r\n\t\t\t\t\t\t\t<h3 class=\"wpsm_panel-title\">\r\n\t\t\t\t\t\t\t8 vec\u00ed ktor\u00e9 robia bohat\u00fd \u013eudia na rozdiel od chudobn\u00fdch.<\/h3>\r\n\t\t\t\t\t\t  <\/div> \t\t\t\t\t\t\t \r\n\t\t\t\t\t\t<\/div>\r\n\t\t\t\t\t<\/div>\r\n\t\t\t\t\t\t\t\t\t\t<div class=\"wpsm_col-md-4 wpsm_col-sm-6 colorbox_singel_box\">\r\n\t\t\t\t\t\t<div class=\"wpsm_panel wpsm_panel-default wpsm_panel_default_41\">\r\n\t\t\t\t\t\t  \t\t\t\t\t\t  <div class=\"wpsm_panel-heading\">\r\n\t\t\t\t\t\t\t<h3 class=\"wpsm_panel-title\">\r\n\t\t\t\t\t\t\t<\/h3>\r\n\t\t\t\t\t\t  <\/div> \t\t\t\t\t\t\t \r\n\t\t\t\t\t\t<\/div>\r\n\t\t\t\t\t<\/div>\r\n\t\t\t\t\t\t\t\t\t\t<div class=\"wpsm_col-md-4 wpsm_col-sm-6 colorbox_singel_box\">\r\n\t\t\t\t\t\t<div class=\"wpsm_panel wpsm_panel-default wpsm_panel_default_41\">\r\n\t\t\t\t\t\t  \t\t\t\t\t\t  <div class=\"wpsm_panel-heading\">\r\n\t\t\t\t\t\t\t<h3 class=\"wpsm_panel-title\">\r\n\t\t\t\t\t\t\t<\/h3>\r\n\t\t\t\t\t\t  <\/div> \t\t\t\t\t\t\t \r\n\t\t\t\t\t\t<\/div>\r\n\t\t\t\t\t<\/div>\r\n\t\t\t\t\t\t\t\t\t\t<div class=\"wpsm_col-md-4 wpsm_col-sm-6 colorbox_singel_box\">\r\n\t\t\t\t\t\t<div class=\"wpsm_panel wpsm_panel-default wpsm_panel_default_41\">\r\n\t\t\t\t\t\t  \t\t\t\t\t\t  <div class=\"wpsm_panel-heading\">\r\n\t\t\t\t\t\t\t<h3 class=\"wpsm_panel-title\">\r\n\t\t\t\t\t\t\t<\/h3>\r\n\t\t\t\t\t\t  <\/div> \t\t\t\t\t\t\t \r\n\t\t\t\t\t\t<\/div>\r\n\t\t\t\t\t<\/div>\r\n\t\t\t\t\t\t\t\t\t\t\r\n\t\t\t\t\t<\/div>\r\n\t\t\t\t<\/div>\r\n\t\t\t\t\t\t\t\t<script>\r\n\t\t\t\t\tjQuery(window).load(function(){\r\n\t\t\t\t\t\tjQuery('#colorbox_main_container_41').masonry({\r\n\t\t\t\t\t\t\t   itemSelector: '.colorbox_singel_box',\r\n\t\t\t\t\t\t});\r\n\t\t\t\t\t});\r\n\t\t\t\t<\/script>\r\n\t\t\t\t\t\t\t\t\t\t\t\t<script>\r\n\t\t\t\t\tvar col = new jColumn();\r\n\t\t\t\t\tcol.jcolumn('wpsm_panel_default_41');\r\n\t\t\t\t<\/script>","protected":false},"excerpt":{"rendered":"","protected":false},"author":1,"featured_media":0,"parent":0,"menu_order":0,"comment_status":"closed","ping_status":"closed","template":"","meta":{"footnotes":""},"class_list":["post-42","page","type-page","status-publish","hentry"],"_links":{"self":[{"href":"https:\/\/writer.patrikrosa.sk\/sk\/wp-json\/wp\/v2\/pages\/42","targetHints":{"allow":["GET"]}}],"collection":[{"href":"https:\/\/writer.patrikrosa.sk\/sk\/wp-json\/wp\/v2\/pages"}],"about":[{"href":"https:\/\/writer.patrikrosa.sk\/sk\/wp-json\/wp\/v2\/types\/page"}],"author":[{"embeddable":true,"href":"https:\/\/writer.patrikrosa.sk\/sk\/wp-json\/wp\/v2\/users\/1"}],"replies":[{"embeddable":true,"href":"https:\/\/writer.patrikrosa.sk\/sk\/wp-json\/wp\/v2\/comments?post=42"}],"version-history":[{"count":3,"href":"https:\/\/writer.patrikrosa.sk\/sk\/wp-json\/wp\/v2\/pages\/42\/revisions"}],"predecessor-version":[{"id":50,"href":"https:\/\/writer.patrikrosa.sk\/sk\/wp-json\/wp\/v2\/pages\/42\/revisions\/50"}],"wp:attachment":[{"href":"https:\/\/writer.patrikrosa.sk\/sk\/wp-json\/wp\/v2\/media?parent=42"}],"curies":[{"name":"wp","href":"https:\/\/api.w.org\/{rel}","templated":true}]}}